{"id":29,"date":"2020-09-24T20:46:46","date_gmt":"2020-09-24T18:46:46","guid":{"rendered":"http:\/\/cbt-psychoterapia.pl\/?page_id=29"},"modified":"2020-09-24T22:21:29","modified_gmt":"2020-09-24T20:21:29","slug":"o-mnie","status":"publish","type":"page","link":"https:\/\/cbt-psychoterapia.pl\/","title":{"rendered":"O mnie"},"content":{"rendered":"\r\n<p style=\"text-align: justify;\">Jestem psychologiem, certyfikowanym psychoterapeut\u0105 poznawczo-behawioralnym (nr certyfikatu 848), cz\u0142onkiem Polskiego Towarzystwa Terapii\u00a0 Poznawczej i Behawioralnej im. Prof. Zdzis\u0142awa Bizonia. Uko\u0144czy\u0142am psychologi\u0119 na Uniwersytecie Wroc\u0142awskim oraz czteroletnie studia z zakresu psychoterapii w Szkole Psychoterapii Poznawczo-Behawioralnej Uniwersytetu SWPS pod kierownictwem dr Agnieszki Popiel i dr Ewy Prag\u0142owskiej. Posiadam wieloletnie do\u015bwiadczenie zdobyte w pracy z pacjentami Kliniki Psychiatrii Uniwersyteckiego Szpitala Klinicznego we Wroc\u0142awiu oraz do\u015bwiadczenie dydaktyczne uzyskane w ramach pracy na Uniwersytecie Medycznym we Wroc\u0142awiu.<\/p>\r\n<p style=\"text-align: justify;\"><\/p>\r\n<p style=\"text-align: justify;\"><\/p>\r\n<p style=\"text-align: justify;\">Prowadz\u0119 indywidualn\u0105 terapi\u0119 poznawczo-behawioraln\u0105.<br \/>Swoj\u0105 prac\u0119 poddaj\u0119 regularnej superwizji.<\/p>\r\n<p><\/p>\r\n<p><\/p>\r\n<p><\/p>\r\n<p>&nbsp;<\/p>\r\n<p><\/p>\r\n<p><\/p>\r\n<p>&nbsp;<\/p>","protected":false},"excerpt":{"rendered":"<p>Jestem psychologiem, certyfikowanym psychoterapeut\u0105 poznawczo-behawioralnym (nr certyfikatu 848), cz\u0142onkiem Polskiego Towarzystwa Terapii\u00a0 Poznawczej i Behawioralnej im. Prof. Zdzis\u0142awa Bizonia. Uko\u0144czy\u0142am psychologi\u0119 na Uniwersytecie Wroc\u0142awskim oraz czteroletnie studia z zakresu psychoterapii w Szkole Psychoterapii Poznawczo-Behawioralnej Uniwersytetu SWPS pod kierownictwem dr Agnieszki &hellip; <a href=\"https:\/\/cbt-psychoterapia.pl\/\">Czytaj dalej <span class=\"meta-nav\">&rarr;<\/span><\/a><\/p>\n","protected":false},"author":1,"featured_media":0,"parent":0,"menu_order":0,"comment_status":"closed","ping_status":"closed","template":"sidebar-page.php","meta":[],"_links":{"self":[{"href":"https:\/\/cbt-psychoterapia.pl\/index.php?rest_route=\/wp\/v2\/pages\/29"}],"collection":[{"href":"https:\/\/cbt-psychoterapia.pl\/index.php?rest_route=\/wp\/v2\/pages"}],"about":[{"href":"https:\/\/cbt-psychoterapia.pl\/index.php?rest_route=\/wp\/v2\/types\/page"}],"author":[{"embeddable":true,"href":"https:\/\/cbt-psychoterapia.pl\/index.php?rest_route=\/wp\/v2\/users\/1"}],"replies":[{"embeddable":true,"href":"https:\/\/cbt-psychoterapia.pl\/index.php?rest_route=%2Fwp%2Fv2%2Fcomments&post=29"}],"version-history":[{"count":13,"href":"https:\/\/cbt-psychoterapia.pl\/index.php?rest_route=\/wp\/v2\/pages\/29\/revisions"}],"predecessor-version":[{"id":72,"href":"https:\/\/cbt-psychoterapia.pl\/index.php?rest_route=\/wp\/v2\/pages\/29\/revisions\/72"}],"wp:attachment":[{"href":"https:\/\/cbt-psychoterapia.pl\/index.php?rest_route=%2Fwp%2Fv2%2Fmedia&parent=29"}],"curies":[{"name":"wp","href":"https:\/\/api.w.org\/{rel}","templated":true}]}}